{"id":38,"date":"2023-03-26T11:03:00","date_gmt":"2023-03-26T11:03:00","guid":{"rendered":"http:\/\/www.medienkulturraum.at\/wordpress\/?page_id=38"},"modified":"2023-05-03T10:16:27","modified_gmt":"2023-05-03T10:16:27","slug":"kooperationen","status":"publish","type":"page","link":"https:\/\/www.medienkulturraum.at\/?page_id=38","title":{"rendered":"Kooperationen"},"content":{"rendered":"\n<p>Ein Auszug unserer <strong>Kooperationen und PartnerInnen<\/strong>, mit denen wir immer wieder gerne zusammen arbeiten.<\/p>\n\n\n\n<hr class=\"wp-block-separator has-alpha-channel-opacity is-style-twentytwentyone-separator-thick\"\/>\n\n\n<div class=\"wp-block-image\">\n<figure class=\"aligncenter size-large is-resized\"><a href=\"https:\/\/www.goldegg-verlag.com\/programm\/\" target=\"_blank\" rel=\"noreferrer noopener\"><img loading=\"lazy\" decoding=\"async\" src=\"https:\/\/www.medienkulturraum.at\/wp-content\/uploads\/2023\/03\/logo_goldeggtext_rgb_print-1024x405.jpg\" alt=\"Logo des Goldegg Verlages. Der gro\u00dfe Buchstabe G in blau wird umrundet von einem angedeutetend Ring aus den Farben Gr\u00fcn, Rot, Hellblau\" class=\"wp-image-66\" width=\"261\" height=\"103\" srcset=\"https:\/\/www.medienkulturraum.at\/wp-content\/uploads\/2023\/03\/logo_goldeggtext_rgb_print-1024x405.jpg 1024w, https:\/\/www.medienkulturraum.at\/wp-content\/uploads\/2023\/03\/logo_goldeggtext_rgb_print-300x119.jpg 300w, https:\/\/www.medienkulturraum.at\/wp-content\/uploads\/2023\/03\/logo_goldeggtext_rgb_print-768x304.jpg 768w, https:\/\/www.medienkulturraum.at\/wp-content\/uploads\/2023\/03\/logo_goldeggtext_rgb_print-1536x607.jpg 1536w, https:\/\/www.medienkulturraum.at\/wp-content\/uploads\/2023\/03\/logo_goldeggtext_rgb_print-2048x810.jpg 2048w, https:\/\/www.medienkulturraum.at\/wp-content\/uploads\/2023\/03\/logo_goldeggtext_rgb_print-1568x620.jpg 1568w\" sizes=\"auto, (max-width: 261px) 100vw, 261px\" \/><\/a><figcaption class=\"wp-element-caption\">Logo Goldegg Verlag<\/figcaption><\/figure>\n<\/div>\n\n\n<p class=\"has-text-align-left\">Unser professioneller Partner f\u00fcr die Publikation von <strong>Sachb\u00fcchern<\/strong>: Von der Konzeption, \u00fcber das Lektorat bis hin zum Vertrieb und Marketing von liebevoll gestalteten und interessanten B\u00fcchern.<\/p>\n\n\n\n<hr class=\"wp-block-separator has-alpha-channel-opacity is-style-dots\"\/>\n\n\n<div class=\"wp-block-image\">\n<figure class=\"aligncenter size-large\"><a href=\"https:\/\/www.anitaarneitz.at\/\" target=\"_blank\" rel=\"noreferrer noopener\"><img decoding=\"async\" src=\"https:\/\/www.medienkulturraum.at\/wp-content\/uploads\/2023\/03\/Arneitz.gif\" alt=\"\"\/><\/a><figcaption class=\"wp-element-caption\">Logo Anita Arneitz, Studio f\u00fcr Schreibkultur<\/figcaption><\/figure>\n<\/div>\n\n\n<p class=\"has-text-align-left\">Kooperationen in den Bereichen \u00d6ffentlichkeits-, Presse &amp; <strong>Medienarbeit<\/strong> sowie in allen Bereichen rund um das wissenschaftliche, journalistische und internetbezogene <strong>Schreiben<\/strong>.<\/p>\n\n\n\n<hr class=\"wp-block-separator has-alpha-channel-opacity is-style-dots\"\/>\n\n\n<div class=\"wp-block-image\">\n<figure class=\"aligncenter size-large\"><a href=\"https:\/\/www.rotatoe.com\/\" target=\"_blank\" rel=\"noreferrer noopener\"><img decoding=\"async\" src=\"https:\/\/www.medienkulturraum.at\/wp-content\/uploads\/2023\/03\/rotatoe-logo.png\" alt=\"\"\/><\/a><figcaption class=\"wp-element-caption\">Logo rotatoe.<\/figcaption><\/figure>\n<\/div>\n\n\n<p class=\"has-text-align-left\">Wenn es um eine professionelle Umsetzung von Hosting- und IT-Angelegenheiten geht, immer ein verl\u00e4sslicher Partner. <\/p>\n\n\n\n<hr class=\"wp-block-separator has-alpha-channel-opacity is-style-dots\"\/>\n\n\n<div class=\"wp-block-image\">\n<figure class=\"aligncenter size-large is-resized\"><a href=\"https:\/\/www.wko.at\/service\/dienststelle.html?orgid=20183\" target=\"_blank\" rel=\"noreferrer noopener\"><img loading=\"lazy\" decoding=\"async\" src=\"https:\/\/www.medienkulturraum.at\/wp-content\/uploads\/2023\/03\/wirtschaftskammer-1024x393.jpg\" alt=\"Wirtschaftskammer Landesinnung Bau Logo. Wei\u00dfgraue Schrift vor wei\u00dfem Hintergrund.\" class=\"wp-image-68\" width=\"275\" height=\"105\" srcset=\"https:\/\/www.medienkulturraum.at\/wp-content\/uploads\/2023\/03\/wirtschaftskammer-1024x393.jpg 1024w, https:\/\/www.medienkulturraum.at\/wp-content\/uploads\/2023\/03\/wirtschaftskammer-300x115.jpg 300w, https:\/\/www.medienkulturraum.at\/wp-content\/uploads\/2023\/03\/wirtschaftskammer-768x294.jpg 768w, https:\/\/www.medienkulturraum.at\/wp-content\/uploads\/2023\/03\/wirtschaftskammer-1536x589.jpg 1536w, https:\/\/www.medienkulturraum.at\/wp-content\/uploads\/2023\/03\/wirtschaftskammer-1568x601.jpg 1568w, https:\/\/www.medienkulturraum.at\/wp-content\/uploads\/2023\/03\/wirtschaftskammer.jpg 1920w\" sizes=\"auto, (max-width: 275px) 100vw, 275px\" \/><\/a><figcaption class=\"wp-element-caption\">Logo Wirtschaftskammer K\u00e4rnten Landesinnung Bau<\/figcaption><\/figure>\n<\/div>\n\n\n<p class=\"has-text-align-left\">Eine kreative und wertvolle Zusammenarbeit in der Lehrlingsausbildung. Mit Schwerpunkten in Nutzung von Social Media.<\/p>\n\n\n\n<hr class=\"wp-block-separator has-alpha-channel-opacity is-style-dots\"\/>\n\n\n<div class=\"wp-block-image\">\n<figure class=\"aligncenter size-large is-resized\"><a href=\"http:\/\/www.elternverein-kaernten.at\/\" target=\"_blank\" rel=\"noreferrer noopener\"><img loading=\"lazy\" decoding=\"async\" src=\"https:\/\/www.medienkulturraum.at\/wp-content\/uploads\/2023\/03\/Logo-neu-2019-1024x438.png\" alt=\"Drei Figuren in den Farben gelb, rot und grau. St\u00fctzen sich gegenseitig.\" class=\"wp-image-67\" width=\"278\" height=\"118\" srcset=\"https:\/\/www.medienkulturraum.at\/wp-content\/uploads\/2023\/03\/Logo-neu-2019-1024x438.png 1024w, https:\/\/www.medienkulturraum.at\/wp-content\/uploads\/2023\/03\/Logo-neu-2019-300x128.png 300w, https:\/\/www.medienkulturraum.at\/wp-content\/uploads\/2023\/03\/Logo-neu-2019-768x328.png 768w, https:\/\/www.medienkulturraum.at\/wp-content\/uploads\/2023\/03\/Logo-neu-2019.png 1181w\" sizes=\"auto, (max-width: 278px) 100vw, 278px\" \/><\/a><figcaption class=\"wp-element-caption\">Logo Landesverband der Elternvereine K\u00e4rntens<\/figcaption><\/figure>\n<\/div>\n\n\n<p class=\"has-text-align-left\">Die Kooperation mit dem Landesverband der Elternvereine an den Schulen K\u00e4rntens (LVEV) erstreckt sich in einer Vielfalt relevanter Themen rund um die Schulstruktur. <\/p>\n\n\n\n<hr class=\"wp-block-separator has-alpha-channel-opacity is-style-dots\"\/>\n\n\n<div class=\"wp-block-image\">\n<figure class=\"aligncenter size-large is-resized\"><a href=\"https:\/\/lydiakienzer-schwaiger.com\/\" target=\"_blank\" rel=\"noreferrer noopener\"><img loading=\"lazy\" decoding=\"async\" src=\"https:\/\/www.medienkulturraum.at\/wp-content\/uploads\/2023\/04\/cropped-2.png\" alt=\"\" width=\"421\" height=\"80\"\/><\/a><figcaption class=\"wp-element-caption\">Logo Praxis Kienzer-Schwaiger<\/figcaption><\/figure>\n<\/div>\n\n\n<p class=\"has-text-align-left\">Eine austauschreiche Zusammenarbeit, wenn es um Themen wie Gesundheit, Arbeit, Kommunikationsstrukturen und Psychologie geht. <\/p>\n\n\n\n<hr class=\"wp-block-separator has-alpha-channel-opacity is-style-dots\"\/>\n\n\n\n<p class=\"has-text-align-center\"><strong><a rel=\"noreferrer noopener\" href=\"https:\/\/www.klagenfurt.at\/stadtservice\/gesundheit\/praevention-gesundheitsfoerderung\" target=\"_blank\">Landeshauptstadt Klagenfur<\/a><a href=\"https:\/\/www.klagenfurt.at\/stadtservice\/gesundheit\/praevention-gesundheitsfoerderung\" target=\"_blank\" rel=\"noreferrer noopener\">t<\/a><\/strong><\/p>\n\n\n\n<p>Eine Workshop Reihe unter dem Titel <strong>&#8222;Was macht mein Kind im Mediendschungel&#8220;<\/strong> f\u00fcr alle Eltern von Kindern der 4. Volksschulklasse gemeinsam mit der Stadt Klagenfurt (ehem. Pr\u00e4ventionsstelle der Abt. Gesundheit der Stadt Klagenfurt, heute Plattform Pr\u00e4vention).<\/p>\n\n\n\n<hr class=\"wp-block-separator has-alpha-channel-opacity is-style-dots\"\/>\n\n\n\n<p class=\"has-text-align-center\"><strong><a href=\"https:\/\/www.ktn.gv.at\/\" target=\"_blank\" rel=\"noreferrer noopener\">Land K\u00e4rnten <\/a><\/strong><\/p>\n\n\n\n<p>Im Bereich der Elektromobilit\u00e4t und der zugeh\u00f6rigen Wissensvermittlung an Kinder anhand von Videospielen. Stichwort: Game Based Learning.  <\/p>\n\n\n\n<hr class=\"wp-block-separator has-alpha-channel-opacity is-style-twentytwentyone-separator-thick\"\/>\n\n\n\n<div style=\"height:142px\" aria-hidden=\"true\" class=\"wp-block-spacer\"><\/div>\n\n\n\n<p class=\"has-text-align-center\" style=\"font-style:normal;font-weight:500\"><em>Die Logos und Rechte sind im Besitz ihrer jeweiligen Eigent\u00fcmerInnen. Sie sind verlinkt und dienen als Erkennung f\u00fcr unsere PartnerInnen.<\/em><\/p>\n","protected":false},"excerpt":{"rendered":"<p>Ein Auszug unserer Kooperationen und PartnerInnen, mit denen wir immer wieder gerne zusammen arbeiten. Unser professioneller Partner f\u00fcr die Publikation von Sachb\u00fcchern: Von der Konzeption, \u00fcber das Lektorat bis hin zum Vertrieb und Marketing von liebevoll gestalteten und interessanten B\u00fcchern. Kooperationen in den Bereichen \u00d6ffentlichkeits-, Presse &amp; Medienarbeit sowie in allen Bereichen rund um das &#8230; <a title=\"Kooperationen\" class=\"read-more\" href=\"https:\/\/www.medienkulturraum.at\/?page_id=38\" aria-label=\"Read more about Kooperationen\">Read more<\/a><\/p>\n","protected":false},"author":1,"featured_media":0,"parent":0,"menu_order":0,"comment_status":"closed","ping_status":"closed","template":"","meta":{"om_disable_all_campaigns":false,"_monsterinsights_skip_tracking":false,"_monsterinsights_sitenote_active":false,"_monsterinsights_sitenote_note":"","_monsterinsights_sitenote_category":0,"footnotes":""},"class_list":["post-38","page","type-page","status-publish"],"aioseo_notices":[],"_links":{"self":[{"href":"https:\/\/www.medienkulturraum.at\/index.php?rest_route=\/wp\/v2\/pages\/38","targetHints":{"allow":["GET"]}}],"collection":[{"href":"https:\/\/www.medienkulturraum.at\/index.php?rest_route=\/wp\/v2\/pages"}],"about":[{"href":"https:\/\/www.medienkulturraum.at\/index.php?rest_route=\/wp\/v2\/types\/page"}],"author":[{"embeddable":true,"href":"https:\/\/www.medienkulturraum.at\/index.php?rest_route=\/wp\/v2\/users\/1"}],"replies":[{"embeddable":true,"href":"https:\/\/www.medienkulturraum.at\/index.php?rest_route=%2Fwp%2Fv2%2Fcomments&post=38"}],"version-history":[{"count":33,"href":"https:\/\/www.medienkulturraum.at\/index.php?rest_route=\/wp\/v2\/pages\/38\/revisions"}],"predecessor-version":[{"id":648,"href":"https:\/\/www.medienkulturraum.at\/index.php?rest_route=\/wp\/v2\/pages\/38\/revisions\/648"}],"wp:attachment":[{"href":"https:\/\/www.medienkulturraum.at\/index.php?rest_route=%2Fwp%2Fv2%2Fmedia&parent=38"}],"curies":[{"name":"wp","href":"https:\/\/api.w.org\/{rel}","templated":true}]}}