{"id":6,"date":"2021-06-25T20:21:40","date_gmt":"2021-06-25T20:21:40","guid":{"rendered":"http:\/\/www.medienkulturraum.at\/wordpress\/?page_id=6"},"modified":"2024-11-30T01:10:03","modified_gmt":"2024-11-30T01:10:03","slug":"medien-kultur-raum","status":"publish","type":"page","link":"https:\/\/www.medienkulturraum.at\/","title":{"rendered":""},"content":{"rendered":"\n<figure class=\"wp-block-image size-large\"><a href=\"https:\/\/www.medienkulturraum.at\/?page_id=8\"><img decoding=\"async\" src=\"https:\/\/www.medienkulturraum.at\/wp-content\/uploads\/2023\/04\/Kultur.raum_.sketch-e1681851199587.png\" alt=\"Grafische Aufstellung, von Hand gezeichnet: Was wir tun: Workshops, Vortr\u00e4ge, Schreibbegleitungen, Beratungen, Bildung. J\u00fcngeste Aktivit\u00e4ten: Game Studies und Videospielkultur, Social Media, aber Sicher! Workshop, Was ich schon immer \u00fcber Videospiele wissen wollte Workshop. Derzeit arbeiten wir mit Elternvereine K\u00e4rnten, Wirtschaftskammer K\u00e4rnten. Zuvor zusammengearbeitet mit Land K\u00e4rnten, Stadt Klagenfurt, Universit\u00e4t Klagenfurt. Kontakt: info(at)medienkulturraum.at\"\/><\/a><\/figure>\n\n\n\n<div style=\"height:100px\" aria-hidden=\"true\" class=\"wp-block-spacer\"><\/div>\n\n\n\n<blockquote class=\"wp-block-quote is-layout-flow wp-block-quote-is-layout-flow\">\n<h4 class=\"wp-block-heading has-text-align-center\">Mit medien.kompetenz zu mehr Orientierung.<\/h4>\n<\/blockquote>\n\n\n\n<div class=\"wp-block-columns are-vertically-aligned-center is-style-twentytwentyone-columns-overlap is-layout-flex wp-container-core-columns-is-layout-9d6595d7 wp-block-columns-is-layout-flex\">\n<div class=\"wp-block-column is-vertically-aligned-center is-layout-flow wp-block-column-is-layout-flow\">\n<div style=\"height:39px\" aria-hidden=\"true\" class=\"wp-block-spacer\"><\/div>\n\n\n<div class=\"wp-block-image is-style-twentytwentyone-image-frame\">\n<figure class=\"aligncenter size-large\"><a href=\"https:\/\/www.medienkulturraum.at\/?page_id=330(\u00f6ffnet in neuem Tab)\"><img decoding=\"async\" src=\"https:\/\/www.medienkulturraum.at\/wp-content\/uploads\/2023\/03\/medi02-scaled.jpg\" alt=\"Zu sehen ist der Schriftzug &quot;Kasten&quot; in einer dunkleren Optik mit schwarz-wei\u00dfem Hintergrund. Medienp\u00e4dagogik\" title=\"Zu sehen ist der Schriftzug &quot;Kasten&quot; in einer dunkleren Optik mit schwarz-wei\u00dfem Hintergrund. Medienp\u00e4dagogik\"\/><\/a><figcaption class=\"wp-element-caption\"><strong>KUMMERKASTEN.kultur<\/strong>.raum (coming soon)<\/figcaption><\/figure>\n<\/div><\/div>\n\n\n\n<div class=\"wp-block-column is-vertically-aligned-center is-layout-flow wp-block-column-is-layout-flow\">\n<div style=\"height:100px\" aria-hidden=\"true\" class=\"wp-block-spacer\"><\/div>\n\n\n\n<figure class=\"wp-block-image size-large alignfull size-full is-style-twentytwentyone-border\"><a href=\"https:\/\/www.medienkulturraum.at\/?page_id=332(\u00f6ffnet in neuem Tab)\"><img decoding=\"async\" src=\"https:\/\/www.medienkulturraum.at\/wp-content\/uploads\/2023\/03\/medi01-scaled-e1680028773214.jpg\" alt=\"Videospiel.kultur. Zu sehen sind ein XBox Controller in schwarz und ein Playstation 4 Controller in wei\u00df. Medienp\u00e4dagogik\" title=\"Videospiel.kultur. Zu sehen sind ein XBox Controller in schwarz und ein Playstation 4 Controller in wei\u00df. Medienp\u00e4dagogik\"\/><\/a><figcaption class=\"wp-element-caption\"><strong>VIDEOSPIEL<em>.<\/em>kultur<\/strong>.raum (coming soon)<\/figcaption><\/figure>\n<\/div>\n<\/div>\n\n\n\n<div style=\"height:82px\" aria-hidden=\"true\" class=\"wp-block-spacer\"><\/div>\n\n\n\n<h4 class=\"wp-block-heading\"><strong>Schon gewusst? Unser <\/strong><strong>Workshop  <\/strong><\/h4>\n\n\n<div class=\"wp-block-image\">\n<figure class=\"alignleft size-large is-resized\"><a href=\"https:\/\/www.medienkulturraum.at\/?p=308\"><img decoding=\"async\" src=\"https:\/\/www.medienkulturraum.at\/wp-content\/uploads\/2023\/04\/medi05_1-scaled-e1680536127201.jpg\" alt=\"Verpackungen von Videospielen. Super Mario Bros U., Little Big Planet, Concrete Genie, GTA 4, Fortnite f\u00fcr das Android Handy.\" style=\"width:483px;height:328px\" title=\"Verpackungen von Videospielen. Super Mario Bros U., Little Big Planet, Concrete Genie, GTA 4, Fortnite f\u00fcr das Android Handy. Medienp\u00e4dagogik\"\/><\/a><figcaption class=\"wp-element-caption\"><em>Am Bild: Little Big Planet <a href=\"https:\/\/sonyinteractive.com\/en\/\" target=\"_blank\" rel=\"noopener\" title=\"(Sony Interactive Entertainment)\">(Sony Interactive Entertainment)<\/a>, <\/em><br><em>GTA 4 <a href=\"https:\/\/www.rockstarnorth.com\/\" target=\"_blank\" rel=\"noopener\" title=\"(Rockstar)\">(Rockstar)<\/a>, Super Mario Bros U. <a href=\"https:\/\/www.nintendo.at\/\" target=\"_blank\" rel=\"noopener\" title=\"(Nintendo)\">(Nintendo)<\/a>, Fortnite <\/em><br><em><a href=\"https:\/\/www.epicgames.com\/site\/de\/home\" target=\"_blank\" rel=\"noopener\" title=\"(Epic)\">(Epic)<\/a>, Concrete Genie <a href=\"https:\/\/www.playstation.com\/en-us\/corporate\/playstation-studios\/\" target=\"_blank\" rel=\"noopener\" title=\"(Pixelopus)\">(Pixelopus)<\/a><\/em><\/figcaption><\/figure>\n<\/div>\n\n\n<p class=\"has-text-align-left\"><br><br><strong>Was ich schon immer \u00fcber Videospiele wissen wollte<\/strong> \u2013 Leitgedanken, um Kinder, Jugendliche (und Erwachsene) besser zu verstehen. <br><br>Ein Workshop-Angebot f\u00fcr Eltern, P\u00e4dagogInnen und Bezugspersonen an Schulen und sonstigen Einrichtungen.<br><br><\/p>\n\n\n\n<div style=\"height:29px\" aria-hidden=\"true\" class=\"wp-block-spacer\"><\/div>\n\n\n\n<div style=\"height:1010px\" aria-hidden=\"true\" class=\"wp-block-spacer\"><\/div>\n\n\n\n<p><\/p>\n","protected":false},"excerpt":{"rendered":"<p>Mit medien.kompetenz zu mehr Orientierung. Schon gewusst? Unser Workshop Was ich schon immer \u00fcber Videospiele wissen wollte \u2013 Leitgedanken, um Kinder, Jugendliche (und Erwachsene) besser zu verstehen. Ein Workshop-Angebot f\u00fcr Eltern, P\u00e4dagogInnen und Bezugspersonen an Schulen und sonstigen Einrichtungen.<\/p>\n","protected":false},"author":1,"featured_media":0,"parent":0,"menu_order":0,"comment_status":"closed","ping_status":"closed","template":"","meta":{"om_disable_all_campaigns":false,"_monsterinsights_skip_tracking":false,"_monsterinsights_sitenote_active":false,"_monsterinsights_sitenote_note":"","_monsterinsights_sitenote_category":0,"footnotes":""},"class_list":["post-6","page","type-page","status-publish"],"aioseo_notices":[],"_links":{"self":[{"href":"https:\/\/www.medienkulturraum.at\/index.php?rest_route=\/wp\/v2\/pages\/6","targetHints":{"allow":["GET"]}}],"collection":[{"href":"https:\/\/www.medienkulturraum.at\/index.php?rest_route=\/wp\/v2\/pages"}],"about":[{"href":"https:\/\/www.medienkulturraum.at\/index.php?rest_route=\/wp\/v2\/types\/page"}],"author":[{"embeddable":true,"href":"https:\/\/www.medienkulturraum.at\/index.php?rest_route=\/wp\/v2\/users\/1"}],"replies":[{"embeddable":true,"href":"https:\/\/www.medienkulturraum.at\/index.php?rest_route=%2Fwp%2Fv2%2Fcomments&post=6"}],"version-history":[{"count":122,"href":"https:\/\/www.medienkulturraum.at\/index.php?rest_route=\/wp\/v2\/pages\/6\/revisions"}],"predecessor-version":[{"id":704,"href":"https:\/\/www.medienkulturraum.at\/index.php?rest_route=\/wp\/v2\/pages\/6\/revisions\/704"}],"wp:attachment":[{"href":"https:\/\/www.medienkulturraum.at\/index.php?rest_route=%2Fwp%2Fv2%2Fmedia&parent=6"}],"curies":[{"name":"wp","href":"https:\/\/api.w.org\/{rel}","templated":true}]}}