{"id":8,"date":"2021-06-25T20:21:40","date_gmt":"2021-06-25T20:21:40","guid":{"rendered":"http:\/\/www.medienkulturraum.at\/wordpress\/?page_id=8"},"modified":"2024-10-01T11:28:24","modified_gmt":"2024-10-01T11:28:24","slug":"kontakt","status":"publish","type":"page","link":"https:\/\/www.medienkulturraum.at\/?page_id=8","title":{"rendered":"Kontakt"},"content":{"rendered":"\n<p>Verein f\u00fcr Kommunikation und angewandte Medienp\u00e4dagogik<\/p>\n\n\n\n<p>AT 9020 Klagenfurt am W\u00f6rthersee<\/p>\n\n\n\n<p><strong>Kontakt<\/strong><\/p>\n\n\n\n<p>Mail: <a href=\"mailto:info(at)medienkulturraum.at\">info(at)medienkulturraum.at<\/a><br>Tel: +43 (0) 676 6147940<\/p>\n\n\n\n<p>Falls ihr uns telefonisch nicht sofort erreicht, <em>bitten wir um eine kurze Anfrage\/Info per SMS, WhatsApp<\/em> oder Mail. Danke!<\/p>\n\n\n\n<p><strong>Mitglied werden<\/strong><\/p>\n\n\n\n<p>Ordentliches oder f\u00f6rderndes Mitglied kann jede physische Person werden, deren Aufnahme von Mitgliedern des Vereins <em>medien.kultur.raum<\/em>&nbsp;oder vom Vorstand bef\u00fcrwortet wird. \u00dcber die Aufnahme entscheidet ebenfalls der Vorstand.<\/p>\n\n\n\n<p>Bei Interesse an einer Mitgliedschaft schicken Sie uns einfach ein Mail mit Ihren Kontaktdaten, eine kurze Beschreibung Ihrer Intentionen und die Namen der bef\u00fcrwortenden Person(en). <\/p>\n\n\n\n<p><strong>J\u00e4hrlicher Mitgliedsbeitrag<\/strong><\/p>\n\n\n\n<p>Ordentliche Mitglieder: <em>20 Euro<\/em> (derzeit aufgrund der Inflation ausgesetzt). <\/p>\n\n\n\n<p>F\u00f6rdernde Mitglieder: <em>ab 100 Euro<\/em> <\/p>\n\n\n\n<p>Personen in prek\u00e4ren Verh\u00e4ltnissen: auf Anfrage<\/p>\n\n\n\n<div style=\"height:966px\" aria-hidden=\"true\" class=\"wp-block-spacer\"><\/div>\n","protected":false},"excerpt":{"rendered":"<p>Verein f\u00fcr Kommunikation und angewandte Medienp\u00e4dagogik AT 9020 Klagenfurt am W\u00f6rthersee Kontakt Mail: info(at)medienkulturraum.atTel: +43 (0) 676 6147940 Falls ihr uns telefonisch nicht sofort erreicht, bitten wir um eine kurze Anfrage\/Info per SMS, WhatsApp oder Mail. Danke! Mitglied werden Ordentliches oder f\u00f6rderndes Mitglied kann jede physische Person werden, deren Aufnahme von Mitgliedern des Vereins medien.kultur.raum&nbsp;oder &#8230; <a title=\"Kontakt\" class=\"read-more\" href=\"https:\/\/www.medienkulturraum.at\/?page_id=8\" aria-label=\"Read more about Kontakt\">Read more<\/a><\/p>\n","protected":false},"author":1,"featured_media":0,"parent":0,"menu_order":0,"comment_status":"closed","ping_status":"closed","template":"","meta":{"om_disable_all_campaigns":false,"_monsterinsights_skip_tracking":false,"_monsterinsights_sitenote_active":false,"_monsterinsights_sitenote_note":"","_monsterinsights_sitenote_category":0,"footnotes":""},"class_list":["post-8","page","type-page","status-publish"],"aioseo_notices":[],"_links":{"self":[{"href":"https:\/\/www.medienkulturraum.at\/index.php?rest_route=\/wp\/v2\/pages\/8","targetHints":{"allow":["GET"]}}],"collection":[{"href":"https:\/\/www.medienkulturraum.at\/index.php?rest_route=\/wp\/v2\/pages"}],"about":[{"href":"https:\/\/www.medienkulturraum.at\/index.php?rest_route=\/wp\/v2\/types\/page"}],"author":[{"embeddable":true,"href":"https:\/\/www.medienkulturraum.at\/index.php?rest_route=\/wp\/v2\/users\/1"}],"replies":[{"embeddable":true,"href":"https:\/\/www.medienkulturraum.at\/index.php?rest_route=%2Fwp%2Fv2%2Fcomments&post=8"}],"version-history":[{"count":13,"href":"https:\/\/www.medienkulturraum.at\/index.php?rest_route=\/wp\/v2\/pages\/8\/revisions"}],"predecessor-version":[{"id":679,"href":"https:\/\/www.medienkulturraum.at\/index.php?rest_route=\/wp\/v2\/pages\/8\/revisions\/679"}],"wp:attachment":[{"href":"https:\/\/www.medienkulturraum.at\/index.php?rest_route=%2Fwp%2Fv2%2Fmedia&parent=8"}],"curies":[{"name":"wp","href":"https:\/\/api.w.org\/{rel}","templated":true}]}}